{"id":14,"date":"2015-08-17T16:50:18","date_gmt":"2015-08-17T16:50:18","guid":{"rendered":"http:\/\/site.bromeliafilmes.com.br\/es\/?page_id=14"},"modified":"2022-01-31T12:43:37","modified_gmt":"2022-01-31T15:43:37","slug":"gallina-pintadita","status":"publish","type":"page","link":"https:\/\/www.bromeliafilmes.com.br\/es\/gallina-pintadita\/","title":{"rendered":"Gallina Pintadita"},"content":{"rendered":"<h3 class=\"widget-title\">La historia completa de la Gallina que conquist\u00f3 a los ni\u00f1os brasile\u00f1os y se convirti\u00f3 en un fen\u00f3meno de licenciamientos.<\/h3>\n<p>El proyecto Gallina Pintadita comenz\u00f3 en YouTube en 2006 cuando Juliano Prado y Marcos Luporini subieron su primer v\u00eddeoclip animado. Ese fue el primer paso para comenzar su jornada por la internet.<\/p>\n<p><img loading=\"lazy\" decoding=\"async\" class=\"aligncenter size-large wp-image-116\" src=\"https:\/\/www.bromeliafilmes.com.br\/es\/wp-content\/uploads\/sites\/2\/2022\/01\/BRMS-GP01a1-1024x379.jpg\" alt=\"Gallina Pintadita y Youtube\" width=\"710\" height=\"263\" srcset=\"https:\/\/www.bromeliafilmes.com.br\/es\/wp-content\/uploads\/sites\/2\/2022\/01\/BRMS-GP01a1-1024x379.jpg 1024w, https:\/\/www.bromeliafilmes.com.br\/es\/wp-content\/uploads\/sites\/2\/2022\/01\/BRMS-GP01a1-300x111.jpg 300w, https:\/\/www.bromeliafilmes.com.br\/es\/wp-content\/uploads\/sites\/2\/2022\/01\/BRMS-GP01a1-768x284.jpg 768w, https:\/\/www.bromeliafilmes.com.br\/es\/wp-content\/uploads\/sites\/2\/2022\/01\/BRMS-GP01a1.jpg 1100w\" sizes=\"auto, (max-width: 710px) 100vw, 710px\" \/><\/p>\n<blockquote><p>El primer show infantil a conquistar audiencia a trav\u00e9s del YouTube en Brasil, ahora tiene el objetivo de conquistar nuevos mercados con contenido en ingl\u00e9s y espa\u00f1ol.<\/p><\/blockquote>\n<p>El primer v\u00eddeoclip recibi\u00f3 el nombre de \u201cGallina Pintadita\u201d, y siendo ella super carism\u00e1tica, fue escogida por el p\u00fablico para ser el personaje principal. Ella es la estrella de los v\u00eddeoclips, junto a otros personajes como la Mariposita, el Pollito Amarillito, el Gallo Coroc\u00f3 y la Cucarachita.<\/p>\n<p>El v\u00eddeoclip, que era parte de un proyecto, fue subido al YouTube para ser direccionado por un canal de TV infantil, que posteriormente lo rechaz\u00f3. Algunos meses despu\u00e9s, el v\u00eddeo fue descubierto por padres y madres en la internet como un contenido seguro para beb\u00e9s y ni\u00f1os. En esa misma \u00e9poca, los socios decidieron correr el riesgo y continuar con el proyecto. Ellos abrieron una empresa con el nombre de Bromelia Produ\u00e7\u00f5es, para producir el primer DVD.<\/p>\n<p><img loading=\"lazy\" decoding=\"async\" class=\"size-medium wp-image-31 alignleft\" src=\"https:\/\/www.bromeliafilmes.com.br\/es\/wp-content\/uploads\/sites\/2\/2015\/11\/BRMS-GP02-es-300x222.jpg\" alt=\"\" width=\"300\" height=\"222\" srcset=\"https:\/\/www.bromeliafilmes.com.br\/es\/wp-content\/uploads\/sites\/2\/2015\/11\/BRMS-GP02-es-300x222.jpg 300w, https:\/\/www.bromeliafilmes.com.br\/es\/wp-content\/uploads\/sites\/2\/2015\/11\/BRMS-GP02-es.jpg 500w\" sizes=\"auto, (max-width: 300px) 100vw, 300px\" \/><\/p>\n<p>Al comienzo, no esperaban tama\u00f1o suceso, simplemente planeaban vender DVDs a trav\u00e9s de e-commerce, como un complemento de sus rentas. Sin embargo, algo inesperado sucedi\u00f3 de una manera colosal, tornando a la Gallina Pintadita en una de las marcas m\u00e1s conocidas del pa\u00eds.<\/p>\n<p>Fue por el YouTube que el proyecto conquist\u00f3 a padres y ni\u00f1os entre los 6 meses y los 5 a\u00f1os de edad. Con animaciones coloridas y canciones f\u00e1ciles de aprender, los ni\u00f1os bailan y se divierten frente al computador, la TV, los smartphones, tablets y hasta en los teatros.<\/p>\n<h3>Como la marca creci\u00f3<\/h3>\n<p><strong>YouTube:<\/strong> El lanzamiento del personaje Gallina Pintadita fue hecho en 2006, como una opci\u00f3n para canales brasile\u00f1os de TV. Hoy el mayor canal del YouTube de Am\u00e9rica Latina con 3 millones de inscritos y 2 billones de visualizaciones. Mira:\u00a0<a href=\"http:\/\/www.youtube.com\/gallinapintadita\" target=\"_blank\" rel=\"noopener\">www.youtube.com\/gallinapintadita<\/a><\/p>\n<p><strong>DVDs:<\/strong> Existen 45 clips musicales lanzados y m\u00e1s de 2 millones de DVDs vendidos. El primero fue lanzado en 2008. El tercero, lanzado en 2012, fue clasificado como el segundo mayor en n\u00famero de ventas de ese a\u00f1o, detr\u00e1s apenas de la cantante brit\u00e1nica Adele.<\/p>\n<p><strong>Shows en vivo:<\/strong> Existen actualmente dos producciones teatrales con m\u00e1s de 1 mill\u00f3n de entradas vendidas. Que corresponden a presentaciones en las mayores ciudades de Brasil, como Rio de Janeiro, S\u00e3o Paulo, y otras 20 ciudades.<\/p>\n<p><strong>Licenciamientos:<\/strong> La marca trabaja con m\u00e1s de 60 licenciados-autorizados, con una media de 800 productos desarrollados. La agencia lincenciadora global es la Redibra. Las ventas de los mayoristas de la marca en 2014, reportaron haber alcanzado los U$300 millones, entrando en el Ranking de las 150 mayores empresas licenciadoras del mundo de acuerdo con la revista License! Global.<\/p>\n<p><strong>Shopping-centers:<\/strong> Existen 10 eventos en shopping-centers donde los padres pueden llevar a sus hijos a jugar en los espacios tem\u00e1ticos de la Gallina Pintadita.<\/p>\n<p><strong>VOD <\/strong><em>(Video on demand)<\/em><strong>:<\/strong> La Gallina Pintadita est\u00e1 en 14 canales VOD brasile\u00f1os.<\/p>\n<p><strong>Facebook:<\/strong> Existen m\u00e1s de 3.7 millones de inscritos en el Facebook brasile\u00f1o y cerca 250 000 en el Facebook en espa\u00f1ol en representaci\u00f3n de m\u00e1s de 13 pa\u00edses.<\/p>\n<p><strong>APPs:<\/strong> Existen m\u00e1s de 11 millones de downloads de los aplicativos para iOS, Android y Windows Phone, de las versiones en portugu\u00e9s, espa\u00f1ol e ingl\u00e9s.<\/p>\n","protected":false},"excerpt":{"rendered":"<p>La historia completa de la Gallina que conquist\u00f3 a los ni\u00f1os brasile\u00f1os y se convirti\u00f3 en un fen\u00f3meno de licenciamientos. El proyecto Gallina Pintadita comenz\u00f3 en YouTube en 2006 cuando Juliano Prado y Marcos Luporini subieron su primer v\u00eddeoclip animado.<\/p>\n","protected":false},"author":6,"featured_media":0,"parent":0,"menu_order":0,"comment_status":"closed","ping_status":"closed","template":"","meta":{"footnotes":""},"class_list":["post-14","page","type-page","status-publish","hentry"],"_links":{"self":[{"href":"https:\/\/www.bromeliafilmes.com.br\/es\/wp-json\/wp\/v2\/pages\/14","targetHints":{"allow":["GET"]}}],"collection":[{"href":"https:\/\/www.bromeliafilmes.com.br\/es\/wp-json\/wp\/v2\/pages"}],"about":[{"href":"https:\/\/www.bromeliafilmes.com.br\/es\/wp-json\/wp\/v2\/types\/page"}],"author":[{"embeddable":true,"href":"https:\/\/www.bromeliafilmes.com.br\/es\/wp-json\/wp\/v2\/users\/6"}],"replies":[{"embeddable":true,"href":"https:\/\/www.bromeliafilmes.com.br\/es\/wp-json\/wp\/v2\/comments?post=14"}],"version-history":[{"count":8,"href":"https:\/\/www.bromeliafilmes.com.br\/es\/wp-json\/wp\/v2\/pages\/14\/revisions"}],"predecessor-version":[{"id":119,"href":"https:\/\/www.bromeliafilmes.com.br\/es\/wp-json\/wp\/v2\/pages\/14\/revisions\/119"}],"wp:attachment":[{"href":"https:\/\/www.bromeliafilmes.com.br\/es\/wp-json\/wp\/v2\/media?parent=14"}],"curies":[{"name":"wp","href":"https:\/\/api.w.org\/{rel}","templated":true}]}}