{"id":10,"date":"2015-08-17T16:49:29","date_gmt":"2015-08-17T16:49:29","guid":{"rendered":"http:\/\/site.bromeliafilmes.com.br\/es\/?page_id=10"},"modified":"2021-04-06T10:10:12","modified_gmt":"2021-04-06T13:10:12","slug":"quienes-somos","status":"publish","type":"page","link":"https:\/\/www.bromeliafilmes.com.br\/es\/quienes-somos\/","title":{"rendered":"Quienes somos"},"content":{"rendered":"<h2>De un video olvidado en YouTube, naci\u00f3 la <strong>Gallina Pintadita<\/strong>.<\/h2>\n<h4>El mayor fen\u00f3meno de la internet brasile\u00f1a.<\/h4>\n<p>El d\u00eda 28 de diciembre de 2006, Juliano Prado y Marcos Luporini subieron al YouTube un video infantil llamado <strong>Gallina Pintadita<\/strong>. \u00c9sta fue la soluci\u00f3n encontrada para presentar el v\u00eddeo en una reuni\u00f3n de productores en la que no pod\u00edan estar presentes.<\/p>\n<p><img loading=\"lazy\" decoding=\"async\" class=\"alignleft wp-image-171\" src=\"http:\/\/www.bromeliafilmes.com.br\/wp-content\/uploads\/2015\/08\/Foto-3-Cr\u00e9dito-Miguel-Moreira.jpg\" alt=\"Foto-3---Cr\u00e9dito---Miguel-Moreira\" width=\"250\" height=\"357\" \/>Seis meses despu\u00e9s, la sorpresa: el video hab\u00eda virado un hit y ya sobrepasaba el n\u00famero de 500.000 visualizaciones, marca expresiva para la \u00e9poca.<\/p>\n<p>Animados con el suceso, el video <strong>Gallina Pintadita<\/strong> se transform\u00f3 en un proyecto que tiene como principal objetivo el rescate y la promoci\u00f3n de canciones infantiles populares. A trav\u00e9s de la producci\u00f3n, grabaci\u00f3n y distribuci\u00f3n de DVDs. Las animaciones 2D de personajes infantiles acompa\u00f1an los temas de las canciones siguiendo una historia montada con elementos visuales l\u00fadicos y did\u00e1cticos para la audiencia infantil.<\/p>\n<p>A pesar de estar dirigido al segmento infantil, con foco en ni\u00f1os de cero a seis a\u00f1os, el proyecto <strong>Gallina Pintadita<\/strong> une generaciones. \u00bfEl resultado de eso? Una de las marcas m\u00e1s fuertes entre el p\u00fablico infantil en la primera edad, con la aprobaci\u00f3n de ni\u00f1os y padres. Busca en la internet, entra en YouTube y descubre este verdadero fen\u00f3meno infantil.<\/p>\n","protected":false},"excerpt":{"rendered":"<p>De un video olvidado en YouTube, naci\u00f3 la Gallina Pintadita. El mayor fen\u00f3meno de la internet brasile\u00f1a. El d\u00eda 28 de diciembre de 2006, Juliano Prado y Marcos Luporini subieron al YouTube un video infantil llamado Gallina Pintadita. \u00c9sta fue<\/p>\n","protected":false},"author":6,"featured_media":0,"parent":0,"menu_order":0,"comment_status":"closed","ping_status":"closed","template":"","meta":{"footnotes":""},"class_list":["post-10","page","type-page","status-publish","hentry"],"_links":{"self":[{"href":"https:\/\/www.bromeliafilmes.com.br\/es\/wp-json\/wp\/v2\/pages\/10","targetHints":{"allow":["GET"]}}],"collection":[{"href":"https:\/\/www.bromeliafilmes.com.br\/es\/wp-json\/wp\/v2\/pages"}],"about":[{"href":"https:\/\/www.bromeliafilmes.com.br\/es\/wp-json\/wp\/v2\/types\/page"}],"author":[{"embeddable":true,"href":"https:\/\/www.bromeliafilmes.com.br\/es\/wp-json\/wp\/v2\/users\/6"}],"replies":[{"embeddable":true,"href":"https:\/\/www.bromeliafilmes.com.br\/es\/wp-json\/wp\/v2\/comments?post=10"}],"version-history":[{"count":6,"href":"https:\/\/www.bromeliafilmes.com.br\/es\/wp-json\/wp\/v2\/pages\/10\/revisions"}],"predecessor-version":[{"id":112,"href":"https:\/\/www.bromeliafilmes.com.br\/es\/wp-json\/wp\/v2\/pages\/10\/revisions\/112"}],"wp:attachment":[{"href":"https:\/\/www.bromeliafilmes.com.br\/es\/wp-json\/wp\/v2\/media?parent=10"}],"curies":[{"name":"wp","href":"https:\/\/api.w.org\/{rel}","templated":true}]}}